{"id":3,"date":"2021-05-25T16:29:44","date_gmt":"2021-05-25T14:29:44","guid":{"rendered":"http:\/\/oliver-entreprise.fr\/?page_id=3"},"modified":"2022-09-12T11:02:14","modified_gmt":"2022-09-12T09:02:14","slug":"renovation-amenagement-3","status":"publish","type":"page","link":"https:\/\/oliver-entreprise.fr\/?page_id=3","title":{"rendered":"Politique de confidentialit\u00e9"},"content":{"rendered":"\t\t<div data-elementor-type=\"wp-page\" data-elementor-id=\"3\" class=\"elementor elementor-3\">\n\t\t\t\t\t\t<section class=\"elementor-section elementor-top-section elementor-element elementor-element-3b9c9f0a elementor-section-boxed elementor-section-height-default elementor-section-height-default\" data-id=\"3b9c9f0a\" data-element_type=\"section\">\n\t\t\t\t\t\t<div class=\"elementor-container elementor-column-gap-default\">\n\t\t\t\t\t<div class=\"elementor-column elementor-col-100 elementor-top-column elementor-element elementor-element-3b180196\" data-id=\"3b180196\" data-element_type=\"column\">\n\t\t\t<div class=\"elementor-widget-wrap elementor-element-populated\">\n\t\t\t\t\t\t<div class=\"elementor-element elementor-element-7b851e91 elementor-widget elementor-widget-text-editor\" data-id=\"7b851e91\" data-element_type=\"widget\" data-widget_type=\"text-editor.default\">\n\t\t\t\t<div class=\"elementor-widget-container\">\n\t\t\t\t\t\t\t\t\t\n<h2 class=\"wp-block-heading\">Qui sommes-nous\u00a0?<\/h2>\n\n<p>L\u2019adresse de notre site Web est : https:\/\/oliver-entreprise.fr.<\/p>\n\n<h2 class=\"wp-block-heading\">Utilisation des donn\u00e9es personnelles collect\u00e9es<\/h2>\n\n<p><\/p>\n\n<h3 class=\"wp-block-heading\">Formulaires de contact \/<\/h3>\n<h3>Comment nous prot\u00e9geons vos donn\u00e9es<\/h3>\n<p>Vos coordonn\u00e9es sont utilis\u00e9es uniquement dans le cadre de la r\u00e9ponse \u00e0 votre demande. Aucune donn\u00e9e personnelle n&rsquo;est conserv\u00e9e et aucune donn\u00e9e n&rsquo;est r\u00e9utilis\u00e9e dans le cadre d&rsquo;un d\u00e9marchage commercial.<\/p>\n\n<h3 class=\"wp-block-heading\">Contenu embarqu\u00e9 depuis d\u2019autres sites<\/h3>\n\n<p>Les articles de ce site peuvent inclure des contenus int\u00e9gr\u00e9s (par exemple des vid\u00e9os, images, articles\u2026). Le contenu int\u00e9gr\u00e9 depuis d\u2019autres sites se comporte de la m\u00eame mani\u00e8re que si le visiteur se rendait sur cet autre site.<\/p>\n\n<p>Ces sites web pourraient collecter des donn\u00e9es sur vous, utiliser des cookies, embarquer des outils de suivis tiers, suivre vos interactions avec ces contenus embarqu\u00e9s si vous disposez d\u2019un compte connect\u00e9 sur leur site web.<\/p>\n\n<h3 class=\"wp-block-heading\"><\/h3>\n\n<h3 class=\"wp-block-heading\"><\/h3>\n\t\t\t\t\t\t\t\t<\/div>\n\t\t\t\t<\/div>\n\t\t\t\t<div class=\"elementor-element elementor-element-e782b47 elementor-widget elementor-widget-heading\" data-id=\"e782b47\" data-element_type=\"widget\" data-widget_type=\"heading.default\">\n\t\t\t\t<div class=\"elementor-widget-container\">\n\t\t\t\t\t<h1 class=\"elementor-heading-title elementor-size-default\">Un projet de r\u00e9novation, de restauration ou d\u2019am\u00e9nagement. Faites appel \u00e0 des professionnels reconnus : Oliver-Entreprise.<\/h1>\t\t\t\t<\/div>\n\t\t\t\t<\/div>\n\t\t\t\t\t<\/div>\n\t\t<\/div>\n\t\t\t\t\t<\/div>\n\t\t<\/section>\n\t\t\t\t<\/div>\n\t\t","protected":false},"excerpt":{"rendered":"<p>Qui sommes-nous&nbsp;? L\u2019adresse de notre site Web est : https:\/\/oliver-entreprise.fr. Utilisation des donn\u00e9es personnelles collect\u00e9es Formulaires de contact \/ Comment nous prot\u00e9geons vos donn\u00e9es Vos coordonn\u00e9es sont utilis\u00e9es uniquement dans le cadre de la r\u00e9ponse \u00e0 votre demande. Aucune donn\u00e9e personnelle n&rsquo;est conserv\u00e9e et aucune donn\u00e9e n&rsquo;est r\u00e9utilis\u00e9e dans le [&hellip;]<\/p>\n","protected":false},"author":1,"featured_media":0,"parent":0,"menu_order":0,"comment_status":"closed","ping_status":"open","template":"","meta":{"footnotes":""},"class_list":["post-3","page","type-page","status-publish","hentry"],"yoast_head":"<!-- This site is optimized with the Yoast SEO plugin v25.6 - https:\/\/yoast.com\/wordpress\/plugins\/seo\/ -->\n<title>Politique de confidentialit\u00e9 - OLIVER-ENTREPRISE<\/title>\n<meta name=\"description\" content=\"Un projet de r\u00e9novation, de restauration ou d\u2019am\u00e9nagement. Faites appel \u00e0 des professionnels reconnus : Oliver-Entreprise.\" \/>\n<meta name=\"robots\" content=\"index, follow, max-snippet:-1, max-image-preview:large, max-video-preview:-1\" \/>\n<link rel=\"canonical\" href=\"https:\/\/oliver-entreprise.fr\/?page_id=3\" \/>\n<meta property=\"og:locale\" content=\"fr_FR\" \/>\n<meta property=\"og:type\" content=\"article\" \/>\n<meta property=\"og:title\" content=\"Politique de confidentialit\u00e9 - OLIVER-ENTREPRISE\" \/>\n<meta property=\"og:description\" content=\"Un projet de r\u00e9novation, de restauration ou d\u2019am\u00e9nagement. Faites appel \u00e0 des professionnels reconnus : Oliver-Entreprise.\" \/>\n<meta property=\"og:url\" content=\"https:\/\/oliver-entreprise.fr\/?page_id=3\" \/>\n<meta property=\"og:site_name\" content=\"OLIVER-ENTREPRISE\" \/>\n<meta property=\"article:publisher\" content=\"https:\/\/www.facebook.com\/oliverent\" \/>\n<meta property=\"article:modified_time\" content=\"2022-09-12T09:02:14+00:00\" \/>\n<meta name=\"twitter:card\" content=\"summary_large_image\" \/>\n<meta name=\"twitter:label1\" content=\"Dur\u00e9e de lecture estim\u00e9e\" \/>\n\t<meta name=\"twitter:data1\" content=\"1 minute\" \/>\n<script type=\"application\/ld+json\" class=\"yoast-schema-graph\">{\"@context\":\"https:\/\/schema.org\",\"@graph\":[{\"@type\":\"WebPage\",\"@id\":\"https:\/\/oliver-entreprise.fr\/?page_id=3\",\"url\":\"https:\/\/oliver-entreprise.fr\/?page_id=3\",\"name\":\"Politique de confidentialit\u00e9 - OLIVER-ENTREPRISE\",\"isPartOf\":{\"@id\":\"https:\/\/oliver-entreprise.fr\/#website\"},\"datePublished\":\"2021-05-25T14:29:44+00:00\",\"dateModified\":\"2022-09-12T09:02:14+00:00\",\"description\":\"Un projet de r\u00e9novation, de restauration ou d\u2019am\u00e9nagement. Faites appel \u00e0 des professionnels reconnus : Oliver-Entreprise.\",\"breadcrumb\":{\"@id\":\"https:\/\/oliver-entreprise.fr\/?page_id=3#breadcrumb\"},\"inLanguage\":\"fr-FR\",\"potentialAction\":[{\"@type\":\"ReadAction\",\"target\":[\"https:\/\/oliver-entreprise.fr\/?page_id=3\"]}]},{\"@type\":\"BreadcrumbList\",\"@id\":\"https:\/\/oliver-entreprise.fr\/?page_id=3#breadcrumb\",\"itemListElement\":[{\"@type\":\"ListItem\",\"position\":1,\"name\":\"Accueil\",\"item\":\"https:\/\/oliver-entreprise.fr\/\"},{\"@type\":\"ListItem\",\"position\":2,\"name\":\"Politique de confidentialit\u00e9\"}]},{\"@type\":\"WebSite\",\"@id\":\"https:\/\/oliver-entreprise.fr\/#website\",\"url\":\"https:\/\/oliver-entreprise.fr\/\",\"name\":\"OLIVER-ENTREPRISE\",\"description\":\"Am\u00e9nagement, r\u00e9novation\",\"publisher\":{\"@id\":\"https:\/\/oliver-entreprise.fr\/#organization\"},\"potentialAction\":[{\"@type\":\"SearchAction\",\"target\":{\"@type\":\"EntryPoint\",\"urlTemplate\":\"https:\/\/oliver-entreprise.fr\/?s={search_term_string}\"},\"query-input\":{\"@type\":\"PropertyValueSpecification\",\"valueRequired\":true,\"valueName\":\"search_term_string\"}}],\"inLanguage\":\"fr-FR\"},{\"@type\":\"Organization\",\"@id\":\"https:\/\/oliver-entreprise.fr\/#organization\",\"name\":\"OLIVER-ENTREPRISE\",\"url\":\"https:\/\/oliver-entreprise.fr\/\",\"logo\":{\"@type\":\"ImageObject\",\"inLanguage\":\"fr-FR\",\"@id\":\"https:\/\/oliver-entreprise.fr\/#\/schema\/logo\/image\/\",\"url\":\"https:\/\/oliver-entreprise.fr\/wp-content\/uploads\/2021\/05\/cropped-cropped-oliver-entreprise-1.png\",\"contentUrl\":\"https:\/\/oliver-entreprise.fr\/wp-content\/uploads\/2021\/05\/cropped-cropped-oliver-entreprise-1.png\",\"width\":2431,\"height\":1192,\"caption\":\"OLIVER-ENTREPRISE\"},\"image\":{\"@id\":\"https:\/\/oliver-entreprise.fr\/#\/schema\/logo\/image\/\"},\"sameAs\":[\"https:\/\/www.facebook.com\/oliverent\",\"https:\/\/www.instagram.com\/oliverentreprise\/\"]}]}<\/script>\n<!-- \/ Yoast SEO plugin. -->","yoast_head_json":{"title":"Politique de confidentialit\u00e9 - OLIVER-ENTREPRISE","description":"Un projet de r\u00e9novation, de restauration ou d\u2019am\u00e9nagement. Faites appel \u00e0 des professionnels reconnus : Oliver-Entreprise.","robots":{"index":"index","follow":"follow","max-snippet":"max-snippet:-1","max-image-preview":"max-image-preview:large","max-video-preview":"max-video-preview:-1"},"canonical":"https:\/\/oliver-entreprise.fr\/?page_id=3","og_locale":"fr_FR","og_type":"article","og_title":"Politique de confidentialit\u00e9 - OLIVER-ENTREPRISE","og_description":"Un projet de r\u00e9novation, de restauration ou d\u2019am\u00e9nagement. Faites appel \u00e0 des professionnels reconnus : Oliver-Entreprise.","og_url":"https:\/\/oliver-entreprise.fr\/?page_id=3","og_site_name":"OLIVER-ENTREPRISE","article_publisher":"https:\/\/www.facebook.com\/oliverent","article_modified_time":"2022-09-12T09:02:14+00:00","twitter_card":"summary_large_image","twitter_misc":{"Dur\u00e9e de lecture estim\u00e9e":"1 minute"},"schema":{"@context":"https:\/\/schema.org","@graph":[{"@type":"WebPage","@id":"https:\/\/oliver-entreprise.fr\/?page_id=3","url":"https:\/\/oliver-entreprise.fr\/?page_id=3","name":"Politique de confidentialit\u00e9 - OLIVER-ENTREPRISE","isPartOf":{"@id":"https:\/\/oliver-entreprise.fr\/#website"},"datePublished":"2021-05-25T14:29:44+00:00","dateModified":"2022-09-12T09:02:14+00:00","description":"Un projet de r\u00e9novation, de restauration ou d\u2019am\u00e9nagement. Faites appel \u00e0 des professionnels reconnus : Oliver-Entreprise.","breadcrumb":{"@id":"https:\/\/oliver-entreprise.fr\/?page_id=3#breadcrumb"},"inLanguage":"fr-FR","potentialAction":[{"@type":"ReadAction","target":["https:\/\/oliver-entreprise.fr\/?page_id=3"]}]},{"@type":"BreadcrumbList","@id":"https:\/\/oliver-entreprise.fr\/?page_id=3#breadcrumb","itemListElement":[{"@type":"ListItem","position":1,"name":"Accueil","item":"https:\/\/oliver-entreprise.fr\/"},{"@type":"ListItem","position":2,"name":"Politique de confidentialit\u00e9"}]},{"@type":"WebSite","@id":"https:\/\/oliver-entreprise.fr\/#website","url":"https:\/\/oliver-entreprise.fr\/","name":"OLIVER-ENTREPRISE","description":"Am\u00e9nagement, r\u00e9novation","publisher":{"@id":"https:\/\/oliver-entreprise.fr\/#organization"},"potentialAction":[{"@type":"SearchAction","target":{"@type":"EntryPoint","urlTemplate":"https:\/\/oliver-entreprise.fr\/?s={search_term_string}"},"query-input":{"@type":"PropertyValueSpecification","valueRequired":true,"valueName":"search_term_string"}}],"inLanguage":"fr-FR"},{"@type":"Organization","@id":"https:\/\/oliver-entreprise.fr\/#organization","name":"OLIVER-ENTREPRISE","url":"https:\/\/oliver-entreprise.fr\/","logo":{"@type":"ImageObject","inLanguage":"fr-FR","@id":"https:\/\/oliver-entreprise.fr\/#\/schema\/logo\/image\/","url":"https:\/\/oliver-entreprise.fr\/wp-content\/uploads\/2021\/05\/cropped-cropped-oliver-entreprise-1.png","contentUrl":"https:\/\/oliver-entreprise.fr\/wp-content\/uploads\/2021\/05\/cropped-cropped-oliver-entreprise-1.png","width":2431,"height":1192,"caption":"OLIVER-ENTREPRISE"},"image":{"@id":"https:\/\/oliver-entreprise.fr\/#\/schema\/logo\/image\/"},"sameAs":["https:\/\/www.facebook.com\/oliverent","https:\/\/www.instagram.com\/oliverentreprise\/"]}]}},"_links":{"self":[{"href":"https:\/\/oliver-entreprise.fr\/index.php?rest_route=\/wp\/v2\/pages\/3","targetHints":{"allow":["GET"]}}],"collection":[{"href":"https:\/\/oliver-entreprise.fr\/index.php?rest_route=\/wp\/v2\/pages"}],"about":[{"href":"https:\/\/oliver-entreprise.fr\/index.php?rest_route=\/wp\/v2\/types\/page"}],"author":[{"embeddable":true,"href":"https:\/\/oliver-entreprise.fr\/index.php?rest_route=\/wp\/v2\/users\/1"}],"replies":[{"embeddable":true,"href":"https:\/\/oliver-entreprise.fr\/index.php?rest_route=%2Fwp%2Fv2%2Fcomments&post=3"}],"version-history":[{"count":12,"href":"https:\/\/oliver-entreprise.fr\/index.php?rest_route=\/wp\/v2\/pages\/3\/revisions"}],"predecessor-version":[{"id":585,"href":"https:\/\/oliver-entreprise.fr\/index.php?rest_route=\/wp\/v2\/pages\/3\/revisions\/585"}],"wp:attachment":[{"href":"https:\/\/oliver-entreprise.fr\/index.php?rest_route=%2Fwp%2Fv2%2Fmedia&parent=3"}],"curies":[{"name":"wp","href":"https:\/\/api.w.org\/{rel}","templated":true}]}}