{"id":148,"date":"2021-05-28T15:48:37","date_gmt":"2021-05-28T13:48:37","guid":{"rendered":"http:\/\/oliver-entreprise.fr\/?page_id=148"},"modified":"2022-09-12T11:29:17","modified_gmt":"2022-09-12T09:29:17","slug":"renovation-amenagement-4","status":"publish","type":"page","link":"https:\/\/oliver-entreprise.fr\/?page_id=148","title":{"rendered":"Contact"},"content":{"rendered":"\t\t<div data-elementor-type=\"wp-page\" data-elementor-id=\"148\" class=\"elementor elementor-148\">\n\t\t\t\t\t\t<section class=\"elementor-section elementor-top-section elementor-element elementor-element-5adf4fa0 elementor-section-boxed elementor-section-height-default elementor-section-height-default\" data-id=\"5adf4fa0\" data-element_type=\"section\">\n\t\t\t\t\t\t<div class=\"elementor-container elementor-column-gap-default\">\n\t\t\t\t\t<div class=\"elementor-column elementor-col-100 elementor-top-column elementor-element elementor-element-1f5f1337 elementor-invisible\" data-id=\"1f5f1337\" data-element_type=\"column\" data-settings=\"{&quot;animation&quot;:&quot;zoomIn&quot;}\">\n\t\t\t<div class=\"elementor-widget-wrap elementor-element-populated\">\n\t\t\t\t\t\t<div class=\"elementor-element elementor-element-5058b019 elementor-widget elementor-widget-heading\" data-id=\"5058b019\" data-element_type=\"widget\" data-widget_type=\"heading.default\">\n\t\t\t\t<div class=\"elementor-widget-container\">\n\t\t\t\t\t<p class=\"elementor-heading-title elementor-size-default\">Demande de contact<\/p>\t\t\t\t<\/div>\n\t\t\t\t<\/div>\n\t\t\t\t<div class=\"elementor-element elementor-element-790a7356 elementor-widget elementor-widget-heading\" data-id=\"790a7356\" data-element_type=\"widget\" data-widget_type=\"heading.default\">\n\t\t\t\t<div class=\"elementor-widget-container\">\n\t\t\t\t\t<h1 class=\"elementor-heading-title elementor-size-default\">Une question ? Un devis ?<\/h1>\t\t\t\t<\/div>\n\t\t\t\t<\/div>\n\t\t\t\t<div class=\"elementor-element elementor-element-45419272 elementor-widget elementor-widget-text-editor\" data-id=\"45419272\" data-element_type=\"widget\" data-widget_type=\"text-editor.default\">\n\t\t\t\t<div class=\"elementor-widget-container\">\n\t\t\t\t\t\t\t\t\t<p>Vous voulez en savoir plus sur nos prestations, nos d\u00e9lais et tarifs, vous \u00eates au bon endroit !<\/p>\t\t\t\t\t\t\t\t<\/div>\n\t\t\t\t<\/div>\n\t\t\t\t<div class=\"elementor-element elementor-element-bc67189 elementor-widget elementor-widget-spacer\" data-id=\"bc67189\" data-element_type=\"widget\" data-widget_type=\"spacer.default\">\n\t\t\t\t<div class=\"elementor-widget-container\">\n\t\t\t\t\t\t\t<div class=\"elementor-spacer\">\n\t\t\t<div class=\"elementor-spacer-inner\"><\/div>\n\t\t<\/div>\n\t\t\t\t\t\t<\/div>\n\t\t\t\t<\/div>\n\t\t\t\t<div class=\"elementor-element elementor-element-e25aa8a elementor-widget elementor-widget-shortcode\" data-id=\"e25aa8a\" data-element_type=\"widget\" data-widget_type=\"shortcode.default\">\n\t\t\t\t<div class=\"elementor-widget-container\">\n\t\t\t\t\t\t\t<div class=\"elementor-shortcode\"><div class=\"wpforms-container wpforms-container-full\" id=\"wpforms-150\"><form id=\"wpforms-form-150\" class=\"wpforms-validate wpforms-form\" data-formid=\"150\" method=\"post\" enctype=\"multipart\/form-data\" action=\"\/index.php?rest_route=%2Fwp%2Fv2%2Fpages%2F148\" data-token=\"94cf73948f30f2f613ef8a53d6fa33cb\" data-token-time=\"1775947613\"><noscript class=\"wpforms-error-noscript\">Veuillez activer JavaScript dans votre navigateur pour remplir ce formulaire.<\/noscript><div class=\"wpforms-field-container\"><div id=\"wpforms-150-field_0-container\" class=\"wpforms-field wpforms-field-name\" data-field-id=\"0\"><label class=\"wpforms-field-label\">Nom <span class=\"wpforms-required-label\">*<\/span><\/label><div class=\"wpforms-field-row wpforms-field-medium\"><div class=\"wpforms-field-row-block wpforms-first wpforms-one-half\"><input type=\"text\" id=\"wpforms-150-field_0\" class=\"wpforms-field-name-first wpforms-field-required\" name=\"wpforms[fields][0][first]\" required><label for=\"wpforms-150-field_0\" class=\"wpforms-field-sublabel after\">Pr\u00e9nom<\/label><\/div><div class=\"wpforms-field-row-block wpforms-one-half\"><input type=\"text\" id=\"wpforms-150-field_0-last\" class=\"wpforms-field-name-last wpforms-field-required\" name=\"wpforms[fields][0][last]\" required><label for=\"wpforms-150-field_0-last\" class=\"wpforms-field-sublabel after\">Nom<\/label><\/div><\/div><\/div><div id=\"wpforms-150-field_1-container\" class=\"wpforms-field wpforms-field-email\" data-field-id=\"1\"><label class=\"wpforms-field-label\">E-mail <span class=\"wpforms-required-label\">*<\/span><\/label><div class=\"wpforms-field-row wpforms-field-medium\"><div class=\"wpforms-field-row-block wpforms-one-half wpforms-first\"><input type=\"email\" id=\"wpforms-150-field_1\" class=\"wpforms-field-required wpforms-field-email-primary\" name=\"wpforms[fields][1][primary]\" spellcheck=\"false\" required><label for=\"wpforms-150-field_1\" class=\"wpforms-field-sublabel after\">E-mail<\/label><\/div><div class=\"wpforms-field-row-block wpforms-one-half\"><input type=\"email\" id=\"wpforms-150-field_1-secondary\" class=\"wpforms-field-email-secondary wpforms-field-required\" data-rule-confirm=\"#wpforms-150-field_1\" name=\"wpforms[fields][1][secondary]\" spellcheck=\"false\" required><label for=\"wpforms-150-field_1-secondary\" class=\"wpforms-field-sublabel after\">Confirmez l\u2019e-mail<\/label><\/div><\/div><\/div><div id=\"wpforms-150-field_5-container\" class=\"wpforms-field wpforms-field-text\" data-field-id=\"5\"><label class=\"wpforms-field-label\" for=\"wpforms-150-field_5\">T\u00e9l\u00e9phone <span class=\"wpforms-required-label\">*<\/span><\/label><input type=\"text\" id=\"wpforms-150-field_5\" class=\"wpforms-field-medium wpforms-field-required\" name=\"wpforms[fields][5]\" required><\/div><div id=\"wpforms-150-field_3-container\" class=\"wpforms-field wpforms-field-select wpforms-field-select-style-classic\" data-field-id=\"3\"><label class=\"wpforms-field-label\" for=\"wpforms-150-field_3\">Statut <span class=\"wpforms-required-label\">*<\/span><\/label><select id=\"wpforms-150-field_3\" class=\"wpforms-field-medium wpforms-field-required\" name=\"wpforms[fields][3]\" required=\"required\"><option value=\"Particulier\" >Particulier<\/option><option value=\"Professionnel\" >Professionnel<\/option><\/select><\/div><div id=\"wpforms-150-field_2-container\" class=\"wpforms-field wpforms-field-textarea\" data-field-id=\"2\"><label class=\"wpforms-field-label\" for=\"wpforms-150-field_2\">Demande ou message <span class=\"wpforms-required-label\">*<\/span><\/label><textarea id=\"wpforms-150-field_2\" class=\"wpforms-field-medium wpforms-field-required\" name=\"wpforms[fields][2]\" required><\/textarea><\/div><\/div><!-- .wpforms-field-container --><div class=\"wpforms-recaptcha-container wpforms-is-recaptcha wpforms-is-recaptcha-type-v2\" ><div class=\"g-recaptcha\" data-sitekey=\"6Levz_AhAAAAAMJNKhB8uCdNFwnB9UAGBuEkKOHP\"><\/div><input type=\"text\" name=\"g-recaptcha-hidden\" class=\"wpforms-recaptcha-hidden\" style=\"position:absolute!important;clip:rect(0,0,0,0)!important;height:1px!important;width:1px!important;border:0!important;overflow:hidden!important;padding:0!important;margin:0!important;\" data-rule-recaptcha=\"1\"><\/div><div class=\"wpforms-submit-container\" ><input type=\"hidden\" name=\"wpforms[id]\" value=\"150\"><input type=\"hidden\" name=\"page_title\" value=\"\"><input type=\"hidden\" name=\"page_url\" value=\"https:\/\/oliver-entreprise.fr\/index.php?rest_route=\/wp\/v2\/pages\/148\"><input type=\"hidden\" name=\"url_referer\" value=\"\"><button type=\"submit\" name=\"wpforms[submit]\" id=\"wpforms-submit-150\" class=\"wpforms-submit\" data-alt-text=\"Envoi...\" data-submit-text=\"Envoyer\" aria-live=\"assertive\" value=\"wpforms-submit\">Envoyer<\/button><\/div><\/form><\/div>  <!-- .wpforms-container --><\/div>\n\t\t\t\t\t\t<\/div>\n\t\t\t\t<\/div>\n\t\t\t\t\t<\/div>\n\t\t<\/div>\n\t\t\t\t\t<\/div>\n\t\t<\/section>\n\t\t\t\t<section class=\"elementor-section elementor-top-section elementor-element elementor-element-29b1a3a1 elementor-section-boxed elementor-section-height-default elementor-section-height-default\" data-id=\"29b1a3a1\" data-element_type=\"section\">\n\t\t\t\t\t\t<div class=\"elementor-container elementor-column-gap-default\">\n\t\t\t\t\t<div class=\"elementor-column elementor-col-100 elementor-top-column elementor-element elementor-element-7fdf2202\" data-id=\"7fdf2202\" data-element_type=\"column\">\n\t\t\t<div class=\"elementor-widget-wrap elementor-element-populated\">\n\t\t\t\t\t\t<section class=\"elementor-section elementor-inner-section elementor-element elementor-element-2b6d199 elementor-section-boxed elementor-section-height-default elementor-section-height-default\" data-id=\"2b6d199\" data-element_type=\"section\">\n\t\t\t\t\t\t<div class=\"elementor-container elementor-column-gap-no\">\n\t\t\t\t\t<div class=\"elementor-column elementor-col-100 elementor-inner-column elementor-element elementor-element-0fa92b2\" data-id=\"0fa92b2\" data-element_type=\"column\">\n\t\t\t<div class=\"elementor-widget-wrap elementor-element-populated\">\n\t\t\t\t\t\t<div class=\"elementor-element elementor-element-335ff7b elementor-widget elementor-widget-heading\" data-id=\"335ff7b\" data-element_type=\"widget\" data-widget_type=\"heading.default\">\n\t\t\t\t<div class=\"elementor-widget-container\">\n\t\t\t\t\t<h1 class=\"elementor-heading-title elementor-size-default\">Oliver-Entreprise, r\u00e9novation et am\u00e9nagement en Auvergne-Rh\u00f4ne-Alpes<\/h1>\t\t\t\t<\/div>\n\t\t\t\t<\/div>\n\t\t\t\t<div class=\"elementor-element elementor-element-3ab86a1 elementor-widget-divider--view-line elementor-widget elementor-widget-divider\" data-id=\"3ab86a1\" data-element_type=\"widget\" data-widget_type=\"divider.default\">\n\t\t\t\t<div class=\"elementor-widget-container\">\n\t\t\t\t\t\t\t<div class=\"elementor-divider\">\n\t\t\t<span class=\"elementor-divider-separator\">\n\t\t\t\t\t\t<\/span>\n\t\t<\/div>\n\t\t\t\t\t\t<\/div>\n\t\t\t\t<\/div>\n\t\t\t\t\t<\/div>\n\t\t<\/div>\n\t\t\t\t\t<\/div>\n\t\t<\/section>\n\t\t\t\t<section class=\"elementor-section elementor-inner-section elementor-element elementor-element-78c78278 elementor-section-boxed elementor-section-height-default elementor-section-height-default\" data-id=\"78c78278\" data-element_type=\"section\">\n\t\t\t\t\t\t<div class=\"elementor-container elementor-column-gap-default\">\n\t\t\t\t\t<div class=\"elementor-column elementor-col-50 elementor-inner-column elementor-element elementor-element-27d65cb7 elementor-invisible\" data-id=\"27d65cb7\" data-element_type=\"column\" data-settings=\"{&quot;animation&quot;:&quot;fadeInLeft&quot;}\">\n\t\t\t<div class=\"elementor-widget-wrap elementor-element-populated\">\n\t\t\t\t\t\t<div class=\"elementor-element elementor-element-46e912eb elementor-widget elementor-widget-heading\" data-id=\"46e912eb\" data-element_type=\"widget\" data-widget_type=\"heading.default\">\n\t\t\t\t<div class=\"elementor-widget-container\">\n\t\t\t\t\t<p class=\"elementor-heading-title elementor-size-default\">Si\u00e8ge social<\/p>\t\t\t\t<\/div>\n\t\t\t\t<\/div>\n\t\t\t\t<div class=\"elementor-element elementor-element-5b5279e2 elementor-widget elementor-widget-heading\" data-id=\"5b5279e2\" data-element_type=\"widget\" data-widget_type=\"heading.default\">\n\t\t\t\t<div class=\"elementor-widget-container\">\n\t\t\t\t\t<h5 class=\"elementor-heading-title elementor-size-default\">OLIVER ENTREPRISE<\/h5>\t\t\t\t<\/div>\n\t\t\t\t<\/div>\n\t\t\t\t<div class=\"elementor-element elementor-element-61d5875e elementor-widget elementor-widget-heading\" data-id=\"61d5875e\" data-element_type=\"widget\" data-widget_type=\"heading.default\">\n\t\t\t\t<div class=\"elementor-widget-container\">\n\t\t\t\t\t<p class=\"elementor-heading-title elementor-size-default\">282 route Optevoz\n<br \/>38290 CHARETTE\n<\/p>\t\t\t\t<\/div>\n\t\t\t\t<\/div>\n\t\t\t\t<div class=\"elementor-element elementor-element-60dec6c elementor-widget elementor-widget-heading\" data-id=\"60dec6c\" data-element_type=\"widget\" data-widget_type=\"heading.default\">\n\t\t\t\t<div class=\"elementor-widget-container\">\n\t\t\t\t\t<p class=\"elementor-heading-title elementor-size-default\">07 61 87 46 31<\/p>\t\t\t\t<\/div>\n\t\t\t\t<\/div>\n\t\t\t\t<div class=\"elementor-element elementor-element-4cc36e4 elementor-widget elementor-widget-text-editor\" data-id=\"4cc36e4\" data-element_type=\"widget\" data-widget_type=\"text-editor.default\">\n\t\t\t\t<div class=\"elementor-widget-container\">\n\t\t\t\t\t\t\t\t\t<p>SIRET 85007042600018<\/p>\t\t\t\t\t\t\t\t<\/div>\n\t\t\t\t<\/div>\n\t\t\t\t\t<\/div>\n\t\t<\/div>\n\t\t\t\t<div class=\"elementor-column elementor-col-50 elementor-inner-column elementor-element elementor-element-726eb4cb elementor-invisible\" data-id=\"726eb4cb\" data-element_type=\"column\" data-settings=\"{&quot;animation&quot;:&quot;fadeInRight&quot;}\">\n\t\t\t<div class=\"elementor-widget-wrap elementor-element-populated\">\n\t\t\t\t\t\t<div class=\"elementor-element elementor-element-5c1aa176 elementor-widget elementor-widget-heading\" data-id=\"5c1aa176\" data-element_type=\"widget\" data-widget_type=\"heading.default\">\n\t\t\t\t<div class=\"elementor-widget-container\">\n\t\t\t\t\t<h5 class=\"elementor-heading-title elementor-size-default\">Suivez-nous !<\/h5>\t\t\t\t<\/div>\n\t\t\t\t<\/div>\n\t\t\t\t<div class=\"elementor-element elementor-element-718a71be elementor-shape-circle elementor-grid-2 e-grid-align-center elementor-widget elementor-widget-social-icons\" data-id=\"718a71be\" data-element_type=\"widget\" data-widget_type=\"social-icons.default\">\n\t\t\t\t<div class=\"elementor-widget-container\">\n\t\t\t\t\t\t\t<div class=\"elementor-social-icons-wrapper elementor-grid\" role=\"list\">\n\t\t\t\t\t\t\t<span class=\"elementor-grid-item\" role=\"listitem\">\n\t\t\t\t\t<a class=\"elementor-icon elementor-social-icon elementor-social-icon-facebook elementor-repeater-item-eed1a40\" href=\"\" target=\"_blank\">\n\t\t\t\t\t\t<span class=\"elementor-screen-only\">Facebook<\/span>\n\t\t\t\t\t\t<i class=\"fab fa-facebook\"><\/i>\t\t\t\t\t<\/a>\n\t\t\t\t<\/span>\n\t\t\t\t\t\t\t<span class=\"elementor-grid-item\" role=\"listitem\">\n\t\t\t\t\t<a class=\"elementor-icon elementor-social-icon elementor-social-icon-instagram elementor-repeater-item-f0b9597\" href=\"https:\/\/www.instagram.com\/oliverentreprise\/\" target=\"_blank\">\n\t\t\t\t\t\t<span class=\"elementor-screen-only\">Instagram<\/span>\n\t\t\t\t\t\t<i class=\"fab fa-instagram\"><\/i>\t\t\t\t\t<\/a>\n\t\t\t\t<\/span>\n\t\t\t\t\t<\/div>\n\t\t\t\t\t\t<\/div>\n\t\t\t\t<\/div>\n\t\t\t\t\t<\/div>\n\t\t<\/div>\n\t\t\t\t\t<\/div>\n\t\t<\/section>\n\t\t\t\t\t<\/div>\n\t\t<\/div>\n\t\t\t\t\t<\/div>\n\t\t<\/section>\n\t\t\t\t<\/div>\n\t\t","protected":false},"excerpt":{"rendered":"<p>Demande de contact Une question ? Un devis ? Vous voulez en savoir plus sur nos prestations, nos d\u00e9lais et tarifs, vous \u00eates au bon endroit ! Oliver-Entreprise, r\u00e9novation et am\u00e9nagement en Auvergne-Rh\u00f4ne-Alpes Si\u00e8ge social OLIVER ENTREPRISE 282 route Optevoz 38290 CHARETTE 07 61 87 46 31 SIRET 85007042600018 Suivez-nous [&hellip;]<\/p>\n","protected":false},"author":1,"featured_media":0,"parent":0,"menu_order":0,"comment_status":"closed","ping_status":"closed","template":"","meta":{"footnotes":""},"class_list":["post-148","page","type-page","status-publish","hentry"],"yoast_head":"<!-- This site is optimized with the Yoast SEO plugin v25.6 - https:\/\/yoast.com\/wordpress\/plugins\/seo\/ -->\n<title>Contact - OLIVER-ENTREPRISE<\/title>\n<meta name=\"description\" content=\"Un projet de r\u00e9novation, de restauration ou d\u2019am\u00e9nagement. Faites appel \u00e0 des professionnels reconnus : Oliver-Entreprise.\" \/>\n<meta name=\"robots\" content=\"index, follow, max-snippet:-1, max-image-preview:large, max-video-preview:-1\" \/>\n<link rel=\"canonical\" href=\"https:\/\/oliver-entreprise.fr\/?page_id=148\" \/>\n<meta property=\"og:locale\" content=\"fr_FR\" \/>\n<meta property=\"og:type\" content=\"article\" \/>\n<meta property=\"og:title\" content=\"Contact - OLIVER-ENTREPRISE\" \/>\n<meta property=\"og:description\" content=\"Un projet de r\u00e9novation, de restauration ou d\u2019am\u00e9nagement. Faites appel \u00e0 des professionnels reconnus : Oliver-Entreprise.\" \/>\n<meta property=\"og:url\" content=\"https:\/\/oliver-entreprise.fr\/?page_id=148\" \/>\n<meta property=\"og:site_name\" content=\"OLIVER-ENTREPRISE\" \/>\n<meta property=\"article:publisher\" content=\"https:\/\/www.facebook.com\/oliverent\" \/>\n<meta property=\"article:modified_time\" content=\"2022-09-12T09:29:17+00:00\" \/>\n<meta name=\"twitter:card\" content=\"summary_large_image\" \/>\n<meta name=\"twitter:label1\" content=\"Dur\u00e9e de lecture estim\u00e9e\" \/>\n\t<meta name=\"twitter:data1\" content=\"1 minute\" \/>\n<script type=\"application\/ld+json\" class=\"yoast-schema-graph\">{\"@context\":\"https:\/\/schema.org\",\"@graph\":[{\"@type\":\"WebPage\",\"@id\":\"https:\/\/oliver-entreprise.fr\/?page_id=148\",\"url\":\"https:\/\/oliver-entreprise.fr\/?page_id=148\",\"name\":\"Contact - OLIVER-ENTREPRISE\",\"isPartOf\":{\"@id\":\"https:\/\/oliver-entreprise.fr\/#website\"},\"datePublished\":\"2021-05-28T13:48:37+00:00\",\"dateModified\":\"2022-09-12T09:29:17+00:00\",\"description\":\"Un projet de r\u00e9novation, de restauration ou d\u2019am\u00e9nagement. Faites appel \u00e0 des professionnels reconnus : Oliver-Entreprise.\",\"breadcrumb\":{\"@id\":\"https:\/\/oliver-entreprise.fr\/?page_id=148#breadcrumb\"},\"inLanguage\":\"fr-FR\",\"potentialAction\":[{\"@type\":\"ReadAction\",\"target\":[\"https:\/\/oliver-entreprise.fr\/?page_id=148\"]}]},{\"@type\":\"BreadcrumbList\",\"@id\":\"https:\/\/oliver-entreprise.fr\/?page_id=148#breadcrumb\",\"itemListElement\":[{\"@type\":\"ListItem\",\"position\":1,\"name\":\"Accueil\",\"item\":\"https:\/\/oliver-entreprise.fr\/\"},{\"@type\":\"ListItem\",\"position\":2,\"name\":\"Contact\"}]},{\"@type\":\"WebSite\",\"@id\":\"https:\/\/oliver-entreprise.fr\/#website\",\"url\":\"https:\/\/oliver-entreprise.fr\/\",\"name\":\"OLIVER-ENTREPRISE\",\"description\":\"Am\u00e9nagement, r\u00e9novation\",\"publisher\":{\"@id\":\"https:\/\/oliver-entreprise.fr\/#organization\"},\"potentialAction\":[{\"@type\":\"SearchAction\",\"target\":{\"@type\":\"EntryPoint\",\"urlTemplate\":\"https:\/\/oliver-entreprise.fr\/?s={search_term_string}\"},\"query-input\":{\"@type\":\"PropertyValueSpecification\",\"valueRequired\":true,\"valueName\":\"search_term_string\"}}],\"inLanguage\":\"fr-FR\"},{\"@type\":\"Organization\",\"@id\":\"https:\/\/oliver-entreprise.fr\/#organization\",\"name\":\"OLIVER-ENTREPRISE\",\"url\":\"https:\/\/oliver-entreprise.fr\/\",\"logo\":{\"@type\":\"ImageObject\",\"inLanguage\":\"fr-FR\",\"@id\":\"https:\/\/oliver-entreprise.fr\/#\/schema\/logo\/image\/\",\"url\":\"https:\/\/oliver-entreprise.fr\/wp-content\/uploads\/2021\/05\/cropped-cropped-oliver-entreprise-1.png\",\"contentUrl\":\"https:\/\/oliver-entreprise.fr\/wp-content\/uploads\/2021\/05\/cropped-cropped-oliver-entreprise-1.png\",\"width\":2431,\"height\":1192,\"caption\":\"OLIVER-ENTREPRISE\"},\"image\":{\"@id\":\"https:\/\/oliver-entreprise.fr\/#\/schema\/logo\/image\/\"},\"sameAs\":[\"https:\/\/www.facebook.com\/oliverent\",\"https:\/\/www.instagram.com\/oliverentreprise\/\"]}]}<\/script>\n<!-- \/ Yoast SEO plugin. -->","yoast_head_json":{"title":"Contact - OLIVER-ENTREPRISE","description":"Un projet de r\u00e9novation, de restauration ou d\u2019am\u00e9nagement. Faites appel \u00e0 des professionnels reconnus : Oliver-Entreprise.","robots":{"index":"index","follow":"follow","max-snippet":"max-snippet:-1","max-image-preview":"max-image-preview:large","max-video-preview":"max-video-preview:-1"},"canonical":"https:\/\/oliver-entreprise.fr\/?page_id=148","og_locale":"fr_FR","og_type":"article","og_title":"Contact - OLIVER-ENTREPRISE","og_description":"Un projet de r\u00e9novation, de restauration ou d\u2019am\u00e9nagement. Faites appel \u00e0 des professionnels reconnus : Oliver-Entreprise.","og_url":"https:\/\/oliver-entreprise.fr\/?page_id=148","og_site_name":"OLIVER-ENTREPRISE","article_publisher":"https:\/\/www.facebook.com\/oliverent","article_modified_time":"2022-09-12T09:29:17+00:00","twitter_card":"summary_large_image","twitter_misc":{"Dur\u00e9e de lecture estim\u00e9e":"1 minute"},"schema":{"@context":"https:\/\/schema.org","@graph":[{"@type":"WebPage","@id":"https:\/\/oliver-entreprise.fr\/?page_id=148","url":"https:\/\/oliver-entreprise.fr\/?page_id=148","name":"Contact - OLIVER-ENTREPRISE","isPartOf":{"@id":"https:\/\/oliver-entreprise.fr\/#website"},"datePublished":"2021-05-28T13:48:37+00:00","dateModified":"2022-09-12T09:29:17+00:00","description":"Un projet de r\u00e9novation, de restauration ou d\u2019am\u00e9nagement. Faites appel \u00e0 des professionnels reconnus : Oliver-Entreprise.","breadcrumb":{"@id":"https:\/\/oliver-entreprise.fr\/?page_id=148#breadcrumb"},"inLanguage":"fr-FR","potentialAction":[{"@type":"ReadAction","target":["https:\/\/oliver-entreprise.fr\/?page_id=148"]}]},{"@type":"BreadcrumbList","@id":"https:\/\/oliver-entreprise.fr\/?page_id=148#breadcrumb","itemListElement":[{"@type":"ListItem","position":1,"name":"Accueil","item":"https:\/\/oliver-entreprise.fr\/"},{"@type":"ListItem","position":2,"name":"Contact"}]},{"@type":"WebSite","@id":"https:\/\/oliver-entreprise.fr\/#website","url":"https:\/\/oliver-entreprise.fr\/","name":"OLIVER-ENTREPRISE","description":"Am\u00e9nagement, r\u00e9novation","publisher":{"@id":"https:\/\/oliver-entreprise.fr\/#organization"},"potentialAction":[{"@type":"SearchAction","target":{"@type":"EntryPoint","urlTemplate":"https:\/\/oliver-entreprise.fr\/?s={search_term_string}"},"query-input":{"@type":"PropertyValueSpecification","valueRequired":true,"valueName":"search_term_string"}}],"inLanguage":"fr-FR"},{"@type":"Organization","@id":"https:\/\/oliver-entreprise.fr\/#organization","name":"OLIVER-ENTREPRISE","url":"https:\/\/oliver-entreprise.fr\/","logo":{"@type":"ImageObject","inLanguage":"fr-FR","@id":"https:\/\/oliver-entreprise.fr\/#\/schema\/logo\/image\/","url":"https:\/\/oliver-entreprise.fr\/wp-content\/uploads\/2021\/05\/cropped-cropped-oliver-entreprise-1.png","contentUrl":"https:\/\/oliver-entreprise.fr\/wp-content\/uploads\/2021\/05\/cropped-cropped-oliver-entreprise-1.png","width":2431,"height":1192,"caption":"OLIVER-ENTREPRISE"},"image":{"@id":"https:\/\/oliver-entreprise.fr\/#\/schema\/logo\/image\/"},"sameAs":["https:\/\/www.facebook.com\/oliverent","https:\/\/www.instagram.com\/oliverentreprise\/"]}]}},"_links":{"self":[{"href":"https:\/\/oliver-entreprise.fr\/index.php?rest_route=\/wp\/v2\/pages\/148","targetHints":{"allow":["GET"]}}],"collection":[{"href":"https:\/\/oliver-entreprise.fr\/index.php?rest_route=\/wp\/v2\/pages"}],"about":[{"href":"https:\/\/oliver-entreprise.fr\/index.php?rest_route=\/wp\/v2\/types\/page"}],"author":[{"embeddable":true,"href":"https:\/\/oliver-entreprise.fr\/index.php?rest_route=\/wp\/v2\/users\/1"}],"replies":[{"embeddable":true,"href":"https:\/\/oliver-entreprise.fr\/index.php?rest_route=%2Fwp%2Fv2%2Fcomments&post=148"}],"version-history":[{"count":39,"href":"https:\/\/oliver-entreprise.fr\/index.php?rest_route=\/wp\/v2\/pages\/148\/revisions"}],"predecessor-version":[{"id":608,"href":"https:\/\/oliver-entreprise.fr\/index.php?rest_route=\/wp\/v2\/pages\/148\/revisions\/608"}],"wp:attachment":[{"href":"https:\/\/oliver-entreprise.fr\/index.php?rest_route=%2Fwp%2Fv2%2Fmedia&parent=148"}],"curies":[{"name":"wp","href":"https:\/\/api.w.org\/{rel}","templated":true}]}}